 {"id":12,"date":"2015-03-27T09:08:14","date_gmt":"2015-03-27T09:08:14","guid":{"rendered":"http:\/\/neu.international-bio-consulting.com\/?page_id=12"},"modified":"2016-02-05T13:11:37","modified_gmt":"2016-02-05T13:11:37","slug":"geschaeftsfelder","status":"publish","type":"page","link":"https:\/\/www.international-bio-consulting.com\/?page_id=12","title":{"rendered":"Gesch\u00e4ftsfelder"},"content":{"rendered":"<h3>Gesch\u00e4ftsfelder<\/h3>\n<ol>\n<ol>\n<li><strong>Fachlich-wissenschaftliche Unterst\u00fctzung bei der Erarbeitung und Umsetzung von Programmen zum Qualit\u00e4tsmanagement sowie Ma\u00dfnahmen zur prozessorientierten Kontrolle bei der Herstellung bzw. Erzeugung von Lebens- und Futtermitteln sowie Umweltangelegenheiten (Wasser &amp; Luft, Erde &amp; Kompost):<br \/>\n<\/strong><br \/>\nNeue HACCP (Hazard Analysis Critical Control Point)-Konzepte in den Bereichen Chemie und Mikrobiologie (mit pathogenen Mikroorganismen) f\u00fcr die Lebensmittelhygiene, Futter und Umweltbelange (Wasser, Luft, Erde);<br \/>\nLebensmittelfirmen auf den IFS (International Food Standard) der Lebensmittelherstellung und \u2013verarbeitung schulen, Hygiene- Management- Konzepte erstellen, um letztlich die Firmen zur Zertifizierung zu f\u00fchren;<br \/>\nMikrobiologisches und chemisches Monitoring von Lebensmitteln und Umwelt in Richtung Qualit\u00e4tssicherheit; Risiken f\u00fcr Gesundheit, Ern\u00e4hrung und Verbraucher;<br \/>\nAnwendung neuer Methoden in den Bereichen Molekularbiologie (PCR, FISH) und Immunologie (ELISA) f\u00fcr den schnellen, sicheren und modernen Nachweis von Mikroorganismen in Lebensmittel-, Futter- und Umweltproben (Wasser, Luft, Erde\/Kompost), z.B. Cryptosporidium parvum in Oberfl\u00e4chenwasser, Legionella pneumophila in Badewasser, Salmonella, Listeria monocytogenes und Staphylococcus aureus in Lebensmittelproduktions-prozessen;<br \/>\nUntersuchungs- und Analysenauftr\u00e4ge in den Bereichen GMO und pathogene Mikroorganismen f\u00fcr Gesundheit, Ern\u00e4hrung und Verbraucherschutz;<br \/>\nKooperation unseres Teams mit staatlichen und privaten Laboratorien.<\/li>\n<\/ol>\n<\/ol>\n<p>&nbsp;<\/p>\n<ol>\n<li><strong><strong>Internationale Kooperation mit:<\/strong><\/strong>Neuen EU-Mitgliedern (z.B. Polen, Tschechei, Ungarn), in den Bereichen Routinekontrolle (HACCP, Lebensmittel \u2013 Monitoring, International Food Standard), Laboratorienzertfizierung und Akkreditierung (nach DIN\/EN\/ISO 9001:2000 und 17025:2005 Normen) f\u00fcr Lebensmittelqualit\u00e4t und -Sicherheit.<br \/>\n\u00d6sterreich, in den Bereichen Routinekontrolle (HACCP, Lebensmittel \u2013 Monitoring, International Food Standard) und Oberfl\u00e4chenwasseruntersuchung in Richtung Cryptosporidium parvum Nachweis f\u00fcr Lebensmittelssicherheit, Lebensmittel -qualit\u00e4t und Gesundheit f\u00fcr Mensch und Tier.<\/li>\n<li><strong>Beratung, Expertisen, Analytik im Bereich gesunde Ern\u00e4hrung (Functional Food).<\/strong><\/li>\n<li><strong>Beratung im Rahmen Umweltanalytik (z. B. Schimmelpilze<\/strong><\/li>\n<li><strong>Zulassungen und \u201eRegolatory Affairs\u201c (MRL\u00b4s) von Arzneimitteln stellen f\u00fcr EMEA (EU, London).<\/strong><\/li>\n<li><strong>Schulungen f\u00fcr Studenten und Laboratorienmitarbeiter im Bereich Qualit\u00e4tsmanagement Qualit\u00e4tssicherheit, gesunde Nahrung, moderne Analytik, Bioterrorismus, Nanobiotechnologie.).<\/strong><\/li>\n<li><strong>Fachliche Beratung f\u00fcr internationales Marketing, \u00f6kologische Produkte, Pre- und Probiotika.<\/strong><\/li>\n<\/ol>\n","protected":false},"excerpt":{"rendered":"<p>Gesch\u00e4ftsfelder Fachlich-wissenschaftliche Unterst\u00fctzung bei der Erarbeitung und Umsetzung von Programmen zum Qualit\u00e4tsmanagement sowie Ma\u00dfnahmen zur prozessorientierten Kontrolle bei der Herstellung bzw. Erzeugung von Lebens- und Futtermitteln sowie Umweltangelegenheiten (Wasser &amp; Luft, Erde &amp; Kompost): Neue HACCP (Hazard Analysis Critical Control Point)-Konzepte in den Bereichen Chemie und Mikrobiologie (mit pathogenen Mikroorganismen) f\u00fcr die Lebensmittelhygiene, Futter und &#8230; <a title=\"Gesch\u00e4ftsfelder\" class=\"read-more\" href=\"https:\/\/www.international-bio-consulting.com\/?page_id=12\" aria-label=\"Mehr Informationen \u00fcber Gesch\u00e4ftsfelder\">Weiterlesen<\/a><\/p>\n","protected":false},"author":1,"featured_media":0,"parent":0,"menu_order":0,"comment_status":"closed","ping_status":"closed","template":"","meta":{"footnotes":""},"class_list":["post-12","page","type-page","status-publish"],"_links":{"self":[{"href":"https:\/\/www.international-bio-consulting.com\/index.php?rest_route=\/wp\/v2\/pages\/12","targetHints":{"allow":["GET"]}}],"collection":[{"href":"https:\/\/www.international-bio-consulting.com\/index.php?rest_route=\/wp\/v2\/pages"}],"about":[{"href":"https:\/\/www.international-bio-consulting.com\/index.php?rest_route=\/wp\/v2\/types\/page"}],"author":[{"embeddable":true,"href":"https:\/\/www.international-bio-consulting.com\/index.php?rest_route=\/wp\/v2\/users\/1"}],"replies":[{"embeddable":true,"href":"https:\/\/www.international-bio-consulting.com\/index.php?rest_route=%2Fwp%2Fv2%2Fcomments&post=12"}],"version-history":[{"count":14,"href":"https:\/\/www.international-bio-consulting.com\/index.php?rest_route=\/wp\/v2\/pages\/12\/revisions"}],"predecessor-version":[{"id":131,"href":"https:\/\/www.international-bio-consulting.com\/index.php?rest_route=\/wp\/v2\/pages\/12\/revisions\/131"}],"wp:attachment":[{"href":"https:\/\/www.international-bio-consulting.com\/index.php?rest_route=%2Fwp%2Fv2%2Fmedia&parent=12"}],"curies":[{"name":"wp","href":"https:\/\/api.w.org\/{rel}","templated":true}]}}